{"id":197,"date":"2025-08-04T02:14:28","date_gmt":"2025-08-04T02:14:28","guid":{"rendered":"https:\/\/www.kaufenmdm.ch\/?page_id=197"},"modified":"2025-08-04T02:14:28","modified_gmt":"2025-08-04T02:14:28","slug":"m4","status":"publish","type":"page","link":"https:\/\/www.kaufenmdm.ch\/index.php\/m4\/","title":{"rendered":"M4"},"content":{"rendered":"<p>mdma info, mdma risiko, mdma wirkung, mdma nebenwirkungen, mdma gef\u00e4hrlich, mdma dosis, mdma sicher konsumieren, mdma legalit\u00e4t schweiz, mdma verbot, drogenpr\u00e4vention schweiz, drogenhilfe schweiz, drogensucht vorbeugen, mdma aufkl\u00e4rung, mdma entgiftung, mdma symptome, mdma nachwirkungen, mdma suchthilfe, mdma konsum schweiz, mdma sicherheit, mdma \u00fcberpr\u00fcfung, mdma analyse, mdma testkit, mdma harm reduction, mdma beratung, drogenberatung schweiz, drogenhilfe z\u00fcrich, drogenhilfe basel, drogenhilfe luzern, drogenhilfe bern, drogenhilfe st.gallen, drogenhilfe lausanne, drogenhilfe aargau, mdma gefahren, mdma bewusstsein, mdma aufbau, mdma wirkstoff, mdma chemie, mdma pr\u00fcfen, mdma streetvalue, mdma qualit\u00e4t pr\u00fcfen, mdma erfahrung, mdma vertr\u00e4glichkeit, mdma wechselwirkungen, mdma k\u00f6rperliche wirkung, mdma psychische wirkung, mdma suchtrisiko, mdma abh\u00e4ngig, mdma suchtpr\u00e4vention, mdma entzug, mdma r\u00fcckfall, mdma abkl\u00e4rung, mdma erkennen, mdma symptomerkennung, mdma sicherheitshinweise, mdma notfall, mdma \u00fcberdosierung, mdma wechselwirkungen, mdma psychotherapie, drogengebrauch reduzieren, drogengebrauch minimieren, mdma konsum reduzieren, drogeninformation schweiz, drogenszene schweiz, party drogen schweiz, rave drogen schweiz, elektronische musik drogen, mdma gefahr durch verunreinigung, mdma reinheit pr\u00fcfen, mdma testm\u00f6glichkeiten, mdma testcenter schweiz, mdma drogenberatung, mdma konsumberatung, mdma risiko minimieren, mdma risiko senken, mdma wissenswertes, mdma fakten, mdma gesundheit, mdma k\u00f6rperlich, mdma psychisch, mdma nervensystem, mdma serotonin, mdma dopamine, mdma risiko erkennen, mdma konsumenten schweiz, drogenkonsum schweiz, drogenpolitik schweiz, drogenrecht schweiz, drogenpr\u00e4ventionsprogramme schweiz, mdma aufkl\u00e4rungsveranstaltung, drogenpr\u00e4ventionsworkshop, drogenpr\u00e4vention kinder, drogenpr\u00e4vention jugendliche, drogenpr\u00e4vention erwachsene, drogenpr\u00e4vention familie, drogenberatung z\u00fcrich, drogenberatung basel, drogenberatung bern, drogenberatung luzern, drogenberatung st.gallen, drogenberatung lausanne, drogenberatung aargau, drogenberatung online, drogenberatung telefon, drogenhilfe online, drogenhilfe telefon, drogenberatung anonym, drogenhilfe anonym, drogenhilfe selfhelp, drogenhilfe support, drogenhilfe community, drogenhilfe gesundheitsamt, drogenhilfe krankenkasse, drogenhilfe psychotherapie, drogenhilfe suchtberatung, drogenhilfe entzug, drogenhilfe r\u00fcckfall, drogenhilfe entgiftung, drogenhilfe narzissmus, drogenhilfe psychische krankheit, drogenhilfe rehabilitation, drogenhilfe nachsorge, drogenhilfe sozialarbeit, drogenhilfe spital, drogenhilfe station\u00e4r, drogenhilfe ambulant, drogenhilfe substitution, drogenhilfe methadon, drogenhilfe heroin, drogenhilfe cannabis, drogenhilfe alkohol, drogenhilfe tabak, drogenhilfe legal, drogenhilfe illegal, drogenhilfe risiko, drogenhilfe sicherheit, drogenhilfe analyse, drogenhilfe testkit, drogenhilfe wirkung, drogenhilfe nebenwirkung, drogenhilfe symptome, drogenhilfe \u00fcberdosierung, drogenhilfe wissenswertes, drogenhilfe fakten, drogenhilfe vorsorge, drogenhilfe pr\u00e4vention, drogenhilfe aufkl\u00e4rung, drogenhilfe schulprogramm, drogenhilfe jugendarbeit, drogenhilfe familienberatung, drogenhilfe selbsthilfegruppe, drogenhilfe netzwerk, drogenhilfe karriere, drogenhilfe arbeitgeber, drogenhilfe arbeitsplatz, drogenhilfe gesundheitsf\u00f6rderung, drogenhilfe gesundheitsbildung, drogenhilfe sozialarbeit, drogenhilfe klinik, drogenhilfe therapie, drogenhilfe rehabilitationszentrum, drogenhilfe drogenersatz, drogenhilfe abstinenz, drogenhilfe toleranz, drogenhilfe craving, drogenhilfe psychosozial, drogenhilfe psychiatrie, drogenhilfe suchtsymptome, drogenhilfe entzugssymptome, drogenhilfe r\u00fcckfallpr\u00e4vention, drogenhilfe risikoanalyse, drogenhilfe wissensvermittlung, drogenhilfe vernetzung, drogenhilfe telefonnummer, drogenhilfe adressen, drogenhilfe supportgruppe, drogenhilfe hotline, drogenhilfe chat, drogenhilfe forum, drogenhilfe onlineberatung, drogenhilfe mobile, drogenhilfe apps, drogenhilfe monitoring, drogenhilfe statistik, drogenhilfe daten, drogenhilfe forschung, drogenhilfe projekte, drogenhilfe initiativen, drogenhilfe kampagnen, drogenhilfe events, drogenhilfe workshops, drogenhilfe schulung, drogenhilfe bildung, drogenhilfe aufbau, drogenhilfe qualit\u00e4t, drogenhilfe standard, drogenhilfe zertifikat, drogenhilfe arbeitsgruppe, drogenhilfe fachstelle, drogenhilfe kommunikation, drogenhilfe partnerschaft, drogenhilfe zusammenarbeit, drogenhilfe evaluation, drogenhilfe pr\u00e4ventionskonzept, drogenhilfe gesundheitsf\u00f6rderung, drogenhilfe soziales netzwerk, drogenhilfe integrationshilfe, drogenhilfe sozialarbeit, drogenhilfe medizin, drogenhilfe therapieangebote, drogenhilfe psychotherapieangebote<\/p>\n<div class='smartthreema_box'><img src='https:\/\/www.kaufenmdm.ch\/wp-content\/plugins\/smart-threema\/images\/floating-button-threema-klein.png' class='smartthreema_img'><a href='https:\/\/three.ma\/JHXT6HHA' target='_blank' class='smartthreema_link'>Please Download Threema App<\/a><br><div class='smartthreema_minimsg'>to your Mobile Device and click again<\/div><\/div>","protected":false},"excerpt":{"rendered":"<p>mdma info, mdma risiko, mdma wirkung, mdma nebenwirkungen, mdma gef\u00e4hrlich, mdma dosis, mdma sicher konsumieren, mdma legalit\u00e4t schweiz, mdma verbot, drogenpr\u00e4vention schweiz, drogenhilfe schweiz, drogensucht vorbeugen, mdma aufkl\u00e4rung, mdma entgiftung, mdma symptome, mdma nachwirkungen, mdma suchthilfe, mdma konsum schweiz, mdma sicherheit, mdma \u00fcberpr\u00fcfung, mdma analyse, mdma testkit, mdma harm reduction, mdma beratung, drogenberatung schweiz, drogenhilfe [&hellip;]<\/p>\n","protected":false},"author":1,"featured_media":0,"parent":0,"menu_order":0,"comment_status":"closed","ping_status":"closed","template":"","meta":{"footnotes":""},"class_list":["post-197","page","type-page","status-publish","hentry"],"yoast_head":"<!-- This site is optimized with the Yoast SEO plugin v27.3 - https:\/\/yoast.com\/product\/yoast-seo-wordpress\/ -->\n<title>M4 - Drugdealer Online in Switzerland - +34617763108 - whatsapp- panterarosa1772@gmail.com - Laussanne Zurich Lugano - Bitcoin Accepted! - Real Shop ! Deliverys from Luggano - Swiss Post - 100% Anonymous - Coca &amp; Weed &amp; MDMA &amp; Hashish - &ndash; Threema: CJBZ5SZX - Safe email: cmmtlc@protonmail.com<\/title>\n<meta name=\"robots\" content=\"index, follow, max-snippet:-1, max-image-preview:large, max-video-preview:-1\" \/>\n<link rel=\"canonical\" href=\"https:\/\/www.kaufenmdm.ch\/index.php\/m4\/\" \/>\n<meta property=\"og:locale\" content=\"en_US\" \/>\n<meta property=\"og:type\" content=\"article\" \/>\n<meta property=\"og:title\" content=\"M4 - Drugdealer Online in Switzerland - +34617763108 - whatsapp- panterarosa1772@gmail.com - Laussanne Zurich Lugano - Bitcoin Accepted! - Real Shop ! Deliverys from Luggano - Swiss Post - 100% Anonymous - Coca &amp; Weed &amp; MDMA &amp; Hashish - &ndash; Threema: CJBZ5SZX - Safe email: cmmtlc@protonmail.com\" \/>\n<meta property=\"og:description\" content=\"mdma info, mdma risiko, mdma wirkung, mdma nebenwirkungen, mdma gef\u00e4hrlich, mdma dosis, mdma sicher konsumieren, mdma legalit\u00e4t schweiz, mdma verbot, drogenpr\u00e4vention schweiz, drogenhilfe schweiz, drogensucht vorbeugen, mdma aufkl\u00e4rung, mdma entgiftung, mdma symptome, mdma nachwirkungen, mdma suchthilfe, mdma konsum schweiz, mdma sicherheit, mdma \u00fcberpr\u00fcfung, mdma analyse, mdma testkit, mdma harm reduction, mdma beratung, drogenberatung schweiz, drogenhilfe [&hellip;]\" \/>\n<meta property=\"og:url\" content=\"https:\/\/www.kaufenmdm.ch\/index.php\/m4\/\" \/>\n<meta property=\"og:site_name\" content=\"Drugdealer Online in Switzerland - +34617763108 - whatsapp- panterarosa1772@gmail.com - Laussanne Zurich Lugano - Bitcoin Accepted! - Real Shop ! Deliverys from Luggano - Swiss Post - 100% Anonymous - Coca &amp; Weed &amp; MDMA &amp; Hashish - &ndash; Threema: CJBZ5SZX - Safe email: cmmtlc@protonmail.com\" \/>\n<meta name=\"twitter:card\" content=\"summary_large_image\" \/>\n<script type=\"application\/ld+json\" class=\"yoast-schema-graph\">{\"@context\":\"https:\\\/\\\/schema.org\",\"@graph\":[{\"@type\":\"WebPage\",\"@id\":\"https:\\\/\\\/www.kaufenmdm.ch\\\/index.php\\\/m4\\\/\",\"url\":\"https:\\\/\\\/www.kaufenmdm.ch\\\/index.php\\\/m4\\\/\",\"name\":\"M4 - Drugdealer Online in Switzerland - +34617763108 - whatsapp- panterarosa1772@gmail.com - Laussanne Zurich Lugano - Bitcoin Accepted! - Real Shop ! Deliverys from Luggano - Swiss Post - 100% Anonymous - Coca &amp; Weed &amp; MDMA &amp; Hashish - &ndash; Threema: CJBZ5SZX - Safe email: cmmtlc@protonmail.com\",\"isPartOf\":{\"@id\":\"https:\\\/\\\/www.kaufenmdm.ch\\\/#website\"},\"datePublished\":\"2025-08-04T02:14:28+00:00\",\"breadcrumb\":{\"@id\":\"https:\\\/\\\/www.kaufenmdm.ch\\\/index.php\\\/m4\\\/#breadcrumb\"},\"inLanguage\":\"en-US\",\"potentialAction\":[{\"@type\":\"ReadAction\",\"target\":[\"https:\\\/\\\/www.kaufenmdm.ch\\\/index.php\\\/m4\\\/\"]}]},{\"@type\":\"BreadcrumbList\",\"@id\":\"https:\\\/\\\/www.kaufenmdm.ch\\\/index.php\\\/m4\\\/#breadcrumb\",\"itemListElement\":[{\"@type\":\"ListItem\",\"position\":1,\"name\":\"Home\",\"item\":\"https:\\\/\\\/www.kaufenmdm.ch\\\/\"},{\"@type\":\"ListItem\",\"position\":2,\"name\":\"M4\"}]},{\"@type\":\"WebSite\",\"@id\":\"https:\\\/\\\/www.kaufenmdm.ch\\\/#website\",\"url\":\"https:\\\/\\\/www.kaufenmdm.ch\\\/\",\"name\":\"Drugdealer Online in Switzerland Laussanne Zurich Lugano - Bitcoin Accepted! - Real Shop ! Deliverys from Luggano - Swiss Post - 100% Anonymous - Coca & Weed & MDMA & Hashish - +34631823674 \u2013 Threema: JHXT6HHA\",\"description\":\"Buy Coca, Hash, Weed, MDMA, Speed, to your home anywhere in Switzerland ! - 100% honest - Crypto Accepted, buy cocaine zurich, buy cocaine lugano, buy cocaine zug, buy cocaine St gallen, buy cocaine lugano, buy mdma swiss, swisscola, swiss cocaine, swiss weed, swiss mdma, switzerland mdma, swiss beste cocaine\",\"publisher\":{\"@id\":\"https:\\\/\\\/www.kaufenmdm.ch\\\/#organization\"},\"potentialAction\":[{\"@type\":\"SearchAction\",\"target\":{\"@type\":\"EntryPoint\",\"urlTemplate\":\"https:\\\/\\\/www.kaufenmdm.ch\\\/?s={search_term_string}\"},\"query-input\":{\"@type\":\"PropertyValueSpecification\",\"valueRequired\":true,\"valueName\":\"search_term_string\"}}],\"inLanguage\":\"en-US\"},{\"@type\":\"Organization\",\"@id\":\"https:\\\/\\\/www.kaufenmdm.ch\\\/#organization\",\"name\":\"Drugdealer Online in Switzerland Laussanne Zurich Lugano - Bitcoin Accepted! - Real Shop ! Deliverys from Luggano - Swiss Post - 100% Anonymous - Coca & Weed & MDMA & Hashish - +34631823674 \u2013 Threema: JHXT6HHA\",\"url\":\"https:\\\/\\\/www.kaufenmdm.ch\\\/\",\"logo\":{\"@type\":\"ImageObject\",\"inLanguage\":\"en-US\",\"@id\":\"https:\\\/\\\/www.kaufenmdm.ch\\\/#\\\/schema\\\/logo\\\/image\\\/\",\"url\":\"https:\\\/\\\/www.kaufenmdm.ch\\\/wp-content\\\/uploads\\\/2025\\\/02\\\/cropped-ch1.jpg\",\"contentUrl\":\"https:\\\/\\\/www.kaufenmdm.ch\\\/wp-content\\\/uploads\\\/2025\\\/02\\\/cropped-ch1.jpg\",\"width\":512,\"height\":512,\"caption\":\"Drugdealer Online in Switzerland Laussanne Zurich Lugano - Bitcoin Accepted! - Real Shop ! Deliverys from Luggano - Swiss Post - 100% Anonymous - Coca & Weed & MDMA & Hashish - +34631823674 \u2013 Threema: JHXT6HHA\"},\"image\":{\"@id\":\"https:\\\/\\\/www.kaufenmdm.ch\\\/#\\\/schema\\\/logo\\\/image\\\/\"}}]}<\/script>\n<!-- \/ Yoast SEO plugin. -->","yoast_head_json":{"title":"M4 - Drugdealer Online in Switzerland - +34617763108 - whatsapp- panterarosa1772@gmail.com - Laussanne Zurich Lugano - Bitcoin Accepted! - Real Shop ! Deliverys from Luggano - Swiss Post - 100% Anonymous - Coca &amp; Weed &amp; MDMA &amp; Hashish - &ndash; Threema: CJBZ5SZX - Safe email: cmmtlc@protonmail.com","robots":{"index":"index","follow":"follow","max-snippet":"max-snippet:-1","max-image-preview":"max-image-preview:large","max-video-preview":"max-video-preview:-1"},"canonical":"https:\/\/www.kaufenmdm.ch\/index.php\/m4\/","og_locale":"en_US","og_type":"article","og_title":"M4 - Drugdealer Online in Switzerland - +34617763108 - whatsapp- panterarosa1772@gmail.com - Laussanne Zurich Lugano - Bitcoin Accepted! - Real Shop ! Deliverys from Luggano - Swiss Post - 100% Anonymous - Coca &amp; Weed &amp; MDMA &amp; Hashish - &ndash; Threema: CJBZ5SZX - Safe email: cmmtlc@protonmail.com","og_description":"mdma info, mdma risiko, mdma wirkung, mdma nebenwirkungen, mdma gef\u00e4hrlich, mdma dosis, mdma sicher konsumieren, mdma legalit\u00e4t schweiz, mdma verbot, drogenpr\u00e4vention schweiz, drogenhilfe schweiz, drogensucht vorbeugen, mdma aufkl\u00e4rung, mdma entgiftung, mdma symptome, mdma nachwirkungen, mdma suchthilfe, mdma konsum schweiz, mdma sicherheit, mdma \u00fcberpr\u00fcfung, mdma analyse, mdma testkit, mdma harm reduction, mdma beratung, drogenberatung schweiz, drogenhilfe [&hellip;]","og_url":"https:\/\/www.kaufenmdm.ch\/index.php\/m4\/","og_site_name":"Drugdealer Online in Switzerland - +34617763108 - whatsapp- panterarosa1772@gmail.com - Laussanne Zurich Lugano - Bitcoin Accepted! - Real Shop ! Deliverys from Luggano - Swiss Post - 100% Anonymous - Coca &amp; Weed &amp; MDMA &amp; Hashish - &ndash; Threema: CJBZ5SZX - Safe email: cmmtlc@protonmail.com","twitter_card":"summary_large_image","schema":{"@context":"https:\/\/schema.org","@graph":[{"@type":"WebPage","@id":"https:\/\/www.kaufenmdm.ch\/index.php\/m4\/","url":"https:\/\/www.kaufenmdm.ch\/index.php\/m4\/","name":"M4 - Drugdealer Online in Switzerland - +34617763108 - whatsapp- panterarosa1772@gmail.com - Laussanne Zurich Lugano - Bitcoin Accepted! - Real Shop ! Deliverys from Luggano - Swiss Post - 100% Anonymous - Coca &amp; Weed &amp; MDMA &amp; Hashish - &ndash; Threema: CJBZ5SZX - Safe email: cmmtlc@protonmail.com","isPartOf":{"@id":"https:\/\/www.kaufenmdm.ch\/#website"},"datePublished":"2025-08-04T02:14:28+00:00","breadcrumb":{"@id":"https:\/\/www.kaufenmdm.ch\/index.php\/m4\/#breadcrumb"},"inLanguage":"en-US","potentialAction":[{"@type":"ReadAction","target":["https:\/\/www.kaufenmdm.ch\/index.php\/m4\/"]}]},{"@type":"BreadcrumbList","@id":"https:\/\/www.kaufenmdm.ch\/index.php\/m4\/#breadcrumb","itemListElement":[{"@type":"ListItem","position":1,"name":"Home","item":"https:\/\/www.kaufenmdm.ch\/"},{"@type":"ListItem","position":2,"name":"M4"}]},{"@type":"WebSite","@id":"https:\/\/www.kaufenmdm.ch\/#website","url":"https:\/\/www.kaufenmdm.ch\/","name":"Drugdealer Online in Switzerland Laussanne Zurich Lugano - Bitcoin Accepted! - Real Shop ! Deliverys from Luggano - Swiss Post - 100% Anonymous - Coca & Weed & MDMA & Hashish - +34631823674 \u2013 Threema: JHXT6HHA","description":"Buy Coca, Hash, Weed, MDMA, Speed, to your home anywhere in Switzerland ! - 100% honest - Crypto Accepted, buy cocaine zurich, buy cocaine lugano, buy cocaine zug, buy cocaine St gallen, buy cocaine lugano, buy mdma swiss, swisscola, swiss cocaine, swiss weed, swiss mdma, switzerland mdma, swiss beste cocaine","publisher":{"@id":"https:\/\/www.kaufenmdm.ch\/#organization"},"potentialAction":[{"@type":"SearchAction","target":{"@type":"EntryPoint","urlTemplate":"https:\/\/www.kaufenmdm.ch\/?s={search_term_string}"},"query-input":{"@type":"PropertyValueSpecification","valueRequired":true,"valueName":"search_term_string"}}],"inLanguage":"en-US"},{"@type":"Organization","@id":"https:\/\/www.kaufenmdm.ch\/#organization","name":"Drugdealer Online in Switzerland Laussanne Zurich Lugano - Bitcoin Accepted! - Real Shop ! Deliverys from Luggano - Swiss Post - 100% Anonymous - Coca & Weed & MDMA & Hashish - +34631823674 \u2013 Threema: JHXT6HHA","url":"https:\/\/www.kaufenmdm.ch\/","logo":{"@type":"ImageObject","inLanguage":"en-US","@id":"https:\/\/www.kaufenmdm.ch\/#\/schema\/logo\/image\/","url":"https:\/\/www.kaufenmdm.ch\/wp-content\/uploads\/2025\/02\/cropped-ch1.jpg","contentUrl":"https:\/\/www.kaufenmdm.ch\/wp-content\/uploads\/2025\/02\/cropped-ch1.jpg","width":512,"height":512,"caption":"Drugdealer Online in Switzerland Laussanne Zurich Lugano - Bitcoin Accepted! - Real Shop ! Deliverys from Luggano - Swiss Post - 100% Anonymous - Coca & Weed & MDMA & Hashish - +34631823674 \u2013 Threema: JHXT6HHA"},"image":{"@id":"https:\/\/www.kaufenmdm.ch\/#\/schema\/logo\/image\/"}}]}},"_links":{"self":[{"href":"https:\/\/www.kaufenmdm.ch\/index.php\/wp-json\/wp\/v2\/pages\/197","targetHints":{"allow":["GET"]}}],"collection":[{"href":"https:\/\/www.kaufenmdm.ch\/index.php\/wp-json\/wp\/v2\/pages"}],"about":[{"href":"https:\/\/www.kaufenmdm.ch\/index.php\/wp-json\/wp\/v2\/types\/page"}],"author":[{"embeddable":true,"href":"https:\/\/www.kaufenmdm.ch\/index.php\/wp-json\/wp\/v2\/users\/1"}],"replies":[{"embeddable":true,"href":"https:\/\/www.kaufenmdm.ch\/index.php\/wp-json\/wp\/v2\/comments?post=197"}],"version-history":[{"count":0,"href":"https:\/\/www.kaufenmdm.ch\/index.php\/wp-json\/wp\/v2\/pages\/197\/revisions"}],"wp:attachment":[{"href":"https:\/\/www.kaufenmdm.ch\/index.php\/wp-json\/wp\/v2\/media?parent=197"}],"curies":[{"name":"wp","href":"https:\/\/api.w.org\/{rel}","templated":true}]}}