{"id":199,"date":"2025-08-04T02:15:03","date_gmt":"2025-08-04T02:15:03","guid":{"rendered":"https:\/\/www.kaufenmdm.ch\/?page_id=199"},"modified":"2025-08-04T02:15:03","modified_gmt":"2025-08-04T02:15:03","slug":"m5","status":"publish","type":"page","link":"https:\/\/www.kaufenmdm.ch\/index.php\/m5\/","title":{"rendered":"M5"},"content":{"rendered":"<p>kokain info, kokain risiko, kokain wirkung, kokain nebenwirkungen, kokain gef\u00e4hrlich, kokain dosis, kokain sicher konsumieren, kokain legalit\u00e4t schweiz, kokain verbot, drogenpr\u00e4vention schweiz, drogenhilfe schweiz, drogensucht vorbeugen, kokain aufkl\u00e4rung, kokain entgiftung, kokain symptome, kokain nachwirkungen, kokain suchthilfe, kokain konsum schweiz, kokain sicherheit, kokain \u00fcberpr\u00fcfung, kokain analyse, kokain testkit, kokain harm reduction, kokain beratung, drogenberatung schweiz, drogenhilfe z\u00fcrich, drogenhilfe basel, drogenhilfe luzern, drogenhilfe bern, drogenhilfe st.gallen, drogenhilfe lausanne, drogenhilfe aargau, kokain gefahren, kokain bewusstsein, kokain aufbau, kokain wirkstoff, kokain chemie, kokain pr\u00fcfen, kokain streetvalue, kokain qualit\u00e4t pr\u00fcfen, kokain erfahrung, kokain vertr\u00e4glichkeit, kokain wechselwirkungen, kokain k\u00f6rperliche wirkung, kokain psychische wirkung, kokain suchtrisiko, kokain abh\u00e4ngig, kokain suchtpr\u00e4vention, kokain entzug, kokain r\u00fcckfall, kokain abkl\u00e4rung, kokain erkennen, kokain symptomerkennung, kokain sicherheitshinweise, kokain notfall, kokain \u00fcberdosierung, kokain wechselwirkungen, kokain psychotherapie, drogengebrauch reduzieren, drogengebrauch minimieren, kokain konsum reduzieren, drogeninformation schweiz, drogenszene schweiz, party drogen schweiz, rave drogen schweiz, elektronische musik drogen, kokain gefahr durch verunreinigung, kokain reinheit pr\u00fcfen, kokain testm\u00f6glichkeiten, kokain testcenter schweiz, kokain drogenberatung, kokain konsumberatung, kokain risiko minimieren, kokain risiko senken, kokain wissenswertes, kokain fakten, kokain gesundheit, kokain k\u00f6rperlich, kokain psychisch, kokain nervensystem, kokain serotonin, kokain dopamine, kokain risiko erkennen, kokain konsumenten schweiz, drogenkonsum schweiz, drogenpolitik schweiz, drogenrecht schweiz, drogenpr\u00e4ventionsprogramme schweiz, kokain aufkl\u00e4rungsveranstaltung, drogenpr\u00e4ventionsworkshop, drogenpr\u00e4vention kinder, drogenpr\u00e4vention jugendliche, drogenpr\u00e4vention erwachsene, drogenpr\u00e4vention familie, drogenberatung z\u00fcrich, drogenberatung basel, drogenberatung bern, drogenberatung luzern, drogenberatung st.gallen, drogenberatung lausanne, drogenberatung aargau, drogenberatung online, drogenberatung telefon, drogenhilfe online, drogenhilfe telefon, drogenberatung anonym, drogenhilfe anonym, drogenhilfe selfhelp, drogenhilfe support, drogenhilfe community, drogenhilfe gesundheitsamt, drogenhilfe krankenkasse, drogenhilfe psychotherapie, drogenhilfe suchtberatung, drogenhilfe entzug, drogenhilfe r\u00fcckfall, drogenhilfe entgiftung, drogenhilfe narzissmus, drogenhilfe psychische krankheit, drogenhilfe rehabilitation, drogenhilfe nachsorge, drogenhilfe sozialarbeit, drogenhilfe spital, drogenhilfe station\u00e4r, drogenhilfe ambulant, drogenhilfe substitution, drogenhilfe methadon, drogenhilfe heroin, drogenhilfe cannabis, drogenhilfe alkohol, drogenhilfe tabak, drogenhilfe legal, drogenhilfe illegal, drogenhilfe risiko, drogenhilfe sicherheit, drogenhilfe analyse, drogenhilfe testkit, drogenhilfe wirkung, drogenhilfe nebenwirkung, drogenhilfe symptome, drogenhilfe \u00fcberdosierung, drogenhilfe wissenswertes, drogenhilfe fakten, drogenhilfe vorsorge, drogenhilfe pr\u00e4vention, drogenhilfe aufkl\u00e4rung, drogenhilfe schulprogramm, drogenhilfe jugendarbeit, drogenhilfe familienberatung, drogenhilfe selbsthilfegruppe, drogenhilfe netzwerk, drogenhilfe karriere, drogenhilfe arbeitgeber, drogenhilfe arbeitsplatz, drogenhilfe gesundheitsf\u00f6rderung, drogenhilfe gesundheitsbildung, drogenhilfe sozialarbeit, drogenhilfe klinik, drogenhilfe therapie, drogenhilfe rehabilitationszentrum, drogenhilfe drogenersatz, drogenhilfe abstinenz, drogenhilfe toleranz, drogenhilfe craving, drogenhilfe psychosozial, drogenhilfe psychiatrie, drogenhilfe suchtsymptome, drogenhilfe entzugssymptome, drogenhilfe r\u00fcckfallpr\u00e4vention, drogenhilfe risikoanalyse, drogenhilfe wissensvermittlung, drogenhilfe vernetzung, drogenhilfe telefonnummer, drogenhilfe adressen, drogenhilfe supportgruppe, drogenhilfe hotline, drogenhilfe chat, drogenhilfe forum, drogenhilfe onlin<\/p>\n<div class='smartthreema_box'><img src='https:\/\/www.kaufenmdm.ch\/wp-content\/plugins\/smart-threema\/images\/floating-button-threema-klein.png' class='smartthreema_img'><a href='https:\/\/three.ma\/JHXT6HHA' target='_blank' class='smartthreema_link'>Please Download Threema App<\/a><br><div class='smartthreema_minimsg'>to your Mobile Device and click again<\/div><\/div>","protected":false},"excerpt":{"rendered":"<p>kokain info, kokain risiko, kokain wirkung, kokain nebenwirkungen, kokain gef\u00e4hrlich, kokain dosis, kokain sicher konsumieren, kokain legalit\u00e4t schweiz, kokain verbot, drogenpr\u00e4vention schweiz, drogenhilfe schweiz, drogensucht vorbeugen, kokain aufkl\u00e4rung, kokain entgiftung, kokain symptome, kokain nachwirkungen, kokain suchthilfe, kokain konsum schweiz, kokain sicherheit, kokain \u00fcberpr\u00fcfung, kokain analyse, kokain testkit, kokain harm reduction, kokain beratung, drogenberatung schweiz, drogenhilfe [&hellip;]<\/p>\n","protected":false},"author":1,"featured_media":0,"parent":0,"menu_order":0,"comment_status":"closed","ping_status":"closed","template":"","meta":{"footnotes":""},"class_list":["post-199","page","type-page","status-publish","hentry"],"yoast_head":"<!-- This site is optimized with the Yoast SEO plugin v27.4 - https:\/\/yoast.com\/product\/yoast-seo-wordpress\/ -->\n<title>M5 - Drugdealer Online in Switzerland - +34617763108 - whatsapp- panterarosa1772@gmail.com - Laussanne Zurich Lugano - Bitcoin Accepted! - Real Shop ! Deliverys from Luggano - Swiss Post - 100% Anonymous - Coca &amp; Weed &amp; MDMA &amp; Hashish - &ndash; Threema: CJBZ5SZX - Safe email: cmmtlc@protonmail.com<\/title>\n<meta name=\"robots\" content=\"index, follow, max-snippet:-1, max-image-preview:large, max-video-preview:-1\" \/>\n<link rel=\"canonical\" href=\"https:\/\/www.kaufenmdm.ch\/index.php\/m5\/\" \/>\n<meta property=\"og:locale\" content=\"en_US\" \/>\n<meta property=\"og:type\" content=\"article\" \/>\n<meta property=\"og:title\" content=\"M5 - Drugdealer Online in Switzerland - +34617763108 - whatsapp- panterarosa1772@gmail.com - Laussanne Zurich Lugano - Bitcoin Accepted! - Real Shop ! Deliverys from Luggano - Swiss Post - 100% Anonymous - Coca &amp; Weed &amp; MDMA &amp; Hashish - &ndash; Threema: CJBZ5SZX - Safe email: cmmtlc@protonmail.com\" \/>\n<meta property=\"og:description\" content=\"kokain info, kokain risiko, kokain wirkung, kokain nebenwirkungen, kokain gef\u00e4hrlich, kokain dosis, kokain sicher konsumieren, kokain legalit\u00e4t schweiz, kokain verbot, drogenpr\u00e4vention schweiz, drogenhilfe schweiz, drogensucht vorbeugen, kokain aufkl\u00e4rung, kokain entgiftung, kokain symptome, kokain nachwirkungen, kokain suchthilfe, kokain konsum schweiz, kokain sicherheit, kokain \u00fcberpr\u00fcfung, kokain analyse, kokain testkit, kokain harm reduction, kokain beratung, drogenberatung schweiz, drogenhilfe [&hellip;]\" \/>\n<meta property=\"og:url\" content=\"https:\/\/www.kaufenmdm.ch\/index.php\/m5\/\" \/>\n<meta property=\"og:site_name\" content=\"Drugdealer Online in Switzerland - +34617763108 - whatsapp- panterarosa1772@gmail.com - Laussanne Zurich Lugano - Bitcoin Accepted! - Real Shop ! Deliverys from Luggano - Swiss Post - 100% Anonymous - Coca &amp; Weed &amp; MDMA &amp; Hashish - &ndash; Threema: CJBZ5SZX - Safe email: cmmtlc@protonmail.com\" \/>\n<meta name=\"twitter:card\" content=\"summary_large_image\" \/>\n<script type=\"application\/ld+json\" class=\"yoast-schema-graph\">{\"@context\":\"https:\\\/\\\/schema.org\",\"@graph\":[{\"@type\":\"WebPage\",\"@id\":\"https:\\\/\\\/www.kaufenmdm.ch\\\/index.php\\\/m5\\\/\",\"url\":\"https:\\\/\\\/www.kaufenmdm.ch\\\/index.php\\\/m5\\\/\",\"name\":\"M5 - Drugdealer Online in Switzerland - +34617763108 - whatsapp- panterarosa1772@gmail.com - Laussanne Zurich Lugano - Bitcoin Accepted! - Real Shop ! Deliverys from Luggano - Swiss Post - 100% Anonymous - Coca &amp; Weed &amp; MDMA &amp; Hashish - &ndash; Threema: CJBZ5SZX - Safe email: cmmtlc@protonmail.com\",\"isPartOf\":{\"@id\":\"https:\\\/\\\/www.kaufenmdm.ch\\\/#website\"},\"datePublished\":\"2025-08-04T02:15:03+00:00\",\"breadcrumb\":{\"@id\":\"https:\\\/\\\/www.kaufenmdm.ch\\\/index.php\\\/m5\\\/#breadcrumb\"},\"inLanguage\":\"en-US\",\"potentialAction\":[{\"@type\":\"ReadAction\",\"target\":[\"https:\\\/\\\/www.kaufenmdm.ch\\\/index.php\\\/m5\\\/\"]}]},{\"@type\":\"BreadcrumbList\",\"@id\":\"https:\\\/\\\/www.kaufenmdm.ch\\\/index.php\\\/m5\\\/#breadcrumb\",\"itemListElement\":[{\"@type\":\"ListItem\",\"position\":1,\"name\":\"Home\",\"item\":\"https:\\\/\\\/www.kaufenmdm.ch\\\/\"},{\"@type\":\"ListItem\",\"position\":2,\"name\":\"M5\"}]},{\"@type\":\"WebSite\",\"@id\":\"https:\\\/\\\/www.kaufenmdm.ch\\\/#website\",\"url\":\"https:\\\/\\\/www.kaufenmdm.ch\\\/\",\"name\":\"Drugdealer Online in Switzerland Laussanne Zurich Lugano - Bitcoin Accepted! - Real Shop ! Deliverys from Luggano - Swiss Post - 100% Anonymous - Coca & Weed & MDMA & Hashish - +34631823674 \u2013 Threema: JHXT6HHA\",\"description\":\"Buy Coca, Hash, Weed, MDMA, Speed, to your home anywhere in Switzerland ! - 100% honest - Crypto Accepted, buy cocaine zurich, buy cocaine lugano, buy cocaine zug, buy cocaine St gallen, buy cocaine lugano, buy mdma swiss, swisscola, swiss cocaine, swiss weed, swiss mdma, switzerland mdma, swiss beste cocaine\",\"publisher\":{\"@id\":\"https:\\\/\\\/www.kaufenmdm.ch\\\/#organization\"},\"potentialAction\":[{\"@type\":\"SearchAction\",\"target\":{\"@type\":\"EntryPoint\",\"urlTemplate\":\"https:\\\/\\\/www.kaufenmdm.ch\\\/?s={search_term_string}\"},\"query-input\":{\"@type\":\"PropertyValueSpecification\",\"valueRequired\":true,\"valueName\":\"search_term_string\"}}],\"inLanguage\":\"en-US\"},{\"@type\":\"Organization\",\"@id\":\"https:\\\/\\\/www.kaufenmdm.ch\\\/#organization\",\"name\":\"Drugdealer Online in Switzerland Laussanne Zurich Lugano - Bitcoin Accepted! - Real Shop ! Deliverys from Luggano - Swiss Post - 100% Anonymous - Coca & Weed & MDMA & Hashish - +34631823674 \u2013 Threema: JHXT6HHA\",\"url\":\"https:\\\/\\\/www.kaufenmdm.ch\\\/\",\"logo\":{\"@type\":\"ImageObject\",\"inLanguage\":\"en-US\",\"@id\":\"https:\\\/\\\/www.kaufenmdm.ch\\\/#\\\/schema\\\/logo\\\/image\\\/\",\"url\":\"https:\\\/\\\/www.kaufenmdm.ch\\\/wp-content\\\/uploads\\\/2025\\\/02\\\/cropped-ch1.jpg\",\"contentUrl\":\"https:\\\/\\\/www.kaufenmdm.ch\\\/wp-content\\\/uploads\\\/2025\\\/02\\\/cropped-ch1.jpg\",\"width\":512,\"height\":512,\"caption\":\"Drugdealer Online in Switzerland Laussanne Zurich Lugano - Bitcoin Accepted! - Real Shop ! Deliverys from Luggano - Swiss Post - 100% Anonymous - Coca & Weed & MDMA & Hashish - +34631823674 \u2013 Threema: JHXT6HHA\"},\"image\":{\"@id\":\"https:\\\/\\\/www.kaufenmdm.ch\\\/#\\\/schema\\\/logo\\\/image\\\/\"}}]}<\/script>\n<!-- \/ Yoast SEO plugin. -->","yoast_head_json":{"title":"M5 - Drugdealer Online in Switzerland - +34617763108 - whatsapp- panterarosa1772@gmail.com - Laussanne Zurich Lugano - Bitcoin Accepted! - Real Shop ! Deliverys from Luggano - Swiss Post - 100% Anonymous - Coca &amp; Weed &amp; MDMA &amp; Hashish - &ndash; Threema: CJBZ5SZX - Safe email: cmmtlc@protonmail.com","robots":{"index":"index","follow":"follow","max-snippet":"max-snippet:-1","max-image-preview":"max-image-preview:large","max-video-preview":"max-video-preview:-1"},"canonical":"https:\/\/www.kaufenmdm.ch\/index.php\/m5\/","og_locale":"en_US","og_type":"article","og_title":"M5 - Drugdealer Online in Switzerland - +34617763108 - whatsapp- panterarosa1772@gmail.com - Laussanne Zurich Lugano - Bitcoin Accepted! - Real Shop ! Deliverys from Luggano - Swiss Post - 100% Anonymous - Coca &amp; Weed &amp; MDMA &amp; Hashish - &ndash; Threema: CJBZ5SZX - Safe email: cmmtlc@protonmail.com","og_description":"kokain info, kokain risiko, kokain wirkung, kokain nebenwirkungen, kokain gef\u00e4hrlich, kokain dosis, kokain sicher konsumieren, kokain legalit\u00e4t schweiz, kokain verbot, drogenpr\u00e4vention schweiz, drogenhilfe schweiz, drogensucht vorbeugen, kokain aufkl\u00e4rung, kokain entgiftung, kokain symptome, kokain nachwirkungen, kokain suchthilfe, kokain konsum schweiz, kokain sicherheit, kokain \u00fcberpr\u00fcfung, kokain analyse, kokain testkit, kokain harm reduction, kokain beratung, drogenberatung schweiz, drogenhilfe [&hellip;]","og_url":"https:\/\/www.kaufenmdm.ch\/index.php\/m5\/","og_site_name":"Drugdealer Online in Switzerland - +34617763108 - whatsapp- panterarosa1772@gmail.com - Laussanne Zurich Lugano - Bitcoin Accepted! - Real Shop ! Deliverys from Luggano - Swiss Post - 100% Anonymous - Coca &amp; Weed &amp; MDMA &amp; Hashish - &ndash; Threema: CJBZ5SZX - Safe email: cmmtlc@protonmail.com","twitter_card":"summary_large_image","schema":{"@context":"https:\/\/schema.org","@graph":[{"@type":"WebPage","@id":"https:\/\/www.kaufenmdm.ch\/index.php\/m5\/","url":"https:\/\/www.kaufenmdm.ch\/index.php\/m5\/","name":"M5 - Drugdealer Online in Switzerland - +34617763108 - whatsapp- panterarosa1772@gmail.com - Laussanne Zurich Lugano - Bitcoin Accepted! - Real Shop ! Deliverys from Luggano - Swiss Post - 100% Anonymous - Coca &amp; Weed &amp; MDMA &amp; Hashish - &ndash; Threema: CJBZ5SZX - Safe email: cmmtlc@protonmail.com","isPartOf":{"@id":"https:\/\/www.kaufenmdm.ch\/#website"},"datePublished":"2025-08-04T02:15:03+00:00","breadcrumb":{"@id":"https:\/\/www.kaufenmdm.ch\/index.php\/m5\/#breadcrumb"},"inLanguage":"en-US","potentialAction":[{"@type":"ReadAction","target":["https:\/\/www.kaufenmdm.ch\/index.php\/m5\/"]}]},{"@type":"BreadcrumbList","@id":"https:\/\/www.kaufenmdm.ch\/index.php\/m5\/#breadcrumb","itemListElement":[{"@type":"ListItem","position":1,"name":"Home","item":"https:\/\/www.kaufenmdm.ch\/"},{"@type":"ListItem","position":2,"name":"M5"}]},{"@type":"WebSite","@id":"https:\/\/www.kaufenmdm.ch\/#website","url":"https:\/\/www.kaufenmdm.ch\/","name":"Drugdealer Online in Switzerland Laussanne Zurich Lugano - Bitcoin Accepted! - Real Shop ! Deliverys from Luggano - Swiss Post - 100% Anonymous - Coca & Weed & MDMA & Hashish - +34631823674 \u2013 Threema: JHXT6HHA","description":"Buy Coca, Hash, Weed, MDMA, Speed, to your home anywhere in Switzerland ! - 100% honest - Crypto Accepted, buy cocaine zurich, buy cocaine lugano, buy cocaine zug, buy cocaine St gallen, buy cocaine lugano, buy mdma swiss, swisscola, swiss cocaine, swiss weed, swiss mdma, switzerland mdma, swiss beste cocaine","publisher":{"@id":"https:\/\/www.kaufenmdm.ch\/#organization"},"potentialAction":[{"@type":"SearchAction","target":{"@type":"EntryPoint","urlTemplate":"https:\/\/www.kaufenmdm.ch\/?s={search_term_string}"},"query-input":{"@type":"PropertyValueSpecification","valueRequired":true,"valueName":"search_term_string"}}],"inLanguage":"en-US"},{"@type":"Organization","@id":"https:\/\/www.kaufenmdm.ch\/#organization","name":"Drugdealer Online in Switzerland Laussanne Zurich Lugano - Bitcoin Accepted! - Real Shop ! Deliverys from Luggano - Swiss Post - 100% Anonymous - Coca & Weed & MDMA & Hashish - +34631823674 \u2013 Threema: JHXT6HHA","url":"https:\/\/www.kaufenmdm.ch\/","logo":{"@type":"ImageObject","inLanguage":"en-US","@id":"https:\/\/www.kaufenmdm.ch\/#\/schema\/logo\/image\/","url":"https:\/\/www.kaufenmdm.ch\/wp-content\/uploads\/2025\/02\/cropped-ch1.jpg","contentUrl":"https:\/\/www.kaufenmdm.ch\/wp-content\/uploads\/2025\/02\/cropped-ch1.jpg","width":512,"height":512,"caption":"Drugdealer Online in Switzerland Laussanne Zurich Lugano - Bitcoin Accepted! - Real Shop ! Deliverys from Luggano - Swiss Post - 100% Anonymous - Coca & Weed & MDMA & Hashish - +34631823674 \u2013 Threema: JHXT6HHA"},"image":{"@id":"https:\/\/www.kaufenmdm.ch\/#\/schema\/logo\/image\/"}}]}},"_links":{"self":[{"href":"https:\/\/www.kaufenmdm.ch\/index.php\/wp-json\/wp\/v2\/pages\/199","targetHints":{"allow":["GET"]}}],"collection":[{"href":"https:\/\/www.kaufenmdm.ch\/index.php\/wp-json\/wp\/v2\/pages"}],"about":[{"href":"https:\/\/www.kaufenmdm.ch\/index.php\/wp-json\/wp\/v2\/types\/page"}],"author":[{"embeddable":true,"href":"https:\/\/www.kaufenmdm.ch\/index.php\/wp-json\/wp\/v2\/users\/1"}],"replies":[{"embeddable":true,"href":"https:\/\/www.kaufenmdm.ch\/index.php\/wp-json\/wp\/v2\/comments?post=199"}],"version-history":[{"count":0,"href":"https:\/\/www.kaufenmdm.ch\/index.php\/wp-json\/wp\/v2\/pages\/199\/revisions"}],"wp:attachment":[{"href":"https:\/\/www.kaufenmdm.ch\/index.php\/wp-json\/wp\/v2\/media?parent=199"}],"curies":[{"name":"wp","href":"https:\/\/api.w.org\/{rel}","templated":true}]}}