{"id":21,"date":"2025-02-14T19:46:38","date_gmt":"2025-02-14T19:46:38","guid":{"rendered":"https:\/\/www.kaufenmdm.ch\/?page_id=21"},"modified":"2025-02-14T19:46:38","modified_gmt":"2025-02-14T19:46:38","slug":"metatags1","status":"publish","type":"page","link":"https:\/\/www.kaufenmdm.ch\/index.php\/metatags1\/","title":{"rendered":"Metatags1"},"content":{"rendered":"<p>zurich strasse<br \/>\nstrassenbahn z\u00fcrich<br \/>\nstrassen wm z\u00fcrich<br \/>\nzurich olof palme strasse<br \/>\nrondellstrasse kloten zurich switzerland 8058<br \/>\nzurich insurance alfred escher strasse<br \/>\nzurich versicherung alfred-escher strasse<br \/>\nelias-canetti-strasse 2 8050 z\u00fcrich<br \/>\nalfred-escher strasse 66 8002 z\u00fcrich<br \/>\nz\u00fcrich strasse eingest\u00fcrzt<br \/>\nz\u00fcrich strasse gesperrt<br \/>\nflughafen z\u00fcrich strasse<br \/>\njudenviertel z\u00fcrich strasse gesperrt<br \/>\nparken z\u00fcrich strasse<br \/>\nzoo z\u00fcrich strasse<br \/>\nenergy z\u00fcrich strasse<br \/>\nbern z\u00fcrich strasse<br \/>\neth z\u00fcrich strasse<br \/>\nkameha grand zurich autograph collection dufaux strasse z\u00fcrich switzerland<br \/>\nf\u00e9d\u00e9ration internationale de football association fifa strasse 20 8044 zurich<br \/>\naugustin strasse zurich<br \/>\nalfred-escher-strasse 45 8002 z\u00fcrich<br \/>\nalfred escher-strasse 50 8002 z\u00fcrich<br \/>\nalfred escher strasse z\u00fcrich<br \/>\nstrasse z\u00fcrich<br \/>\nstrassenverzeichnis z\u00fcrich<br \/>\nzurich bergstrasse<br \/>\noskar bider strasse z\u00fcrich<br \/>\nheinrich bosshard strasse z\u00fcrich<br \/>\nbrown boveri strasse z\u00fcrich<br \/>\njacob burckhardt strasse z\u00fcrich<br \/>\nber\u00fchmte strasse z\u00fcrich<br \/>\nbar strasse z\u00fcrich<br \/>\nmeier bosshard strasse z\u00fcrich<br \/>\nbadenerstrasse z\u00fcrich<br \/>\nbrown boveri strasse 5 zurich ch<br \/>\nbrown-boveri strasse 5 8050 z\u00fcrich switzerland<br \/>\nbrown boveri-strasse 5 8050 z\u00fcrich<br \/>\nbalkan strasse zurich<br \/>\npark hyatt z\u00fcrich beethovenstrasse 21 8002 z\u00fcrich switzerland<br \/>\nfifa-strasse 20 p.o.box 8044 z\u00fcrich<br \/>\nfifa-strasse 20 p.o. box 8044 z\u00fcrich switzerland<br \/>\nbrown-boveri strasse 5 z\u00fcrich<br \/>\nbeethovenstrasse z\u00fcrich<br \/>\ncarl spitteler strasse z\u00fcrich<br \/>\nc\u00e4sar ritz strasse z\u00fcrich<br \/>\nverena conzett strasse z\u00fcrich<br \/>\ncaspar w\u00fcst strasse z\u00fcrich<br \/>\npaul clairmont strasse z\u00fcrich<br \/>\nelias canetti strasse z\u00fcrich<br \/>\ncarl schr\u00f6ter strasse z\u00fcrich<br \/>\nz\u00fcrich strasse<br \/>\nz\u00fcrich strassenschilder<br \/>\nle cedre nuscheler strasse zurich<br \/>\nstrasse 14 z\u00fcrich 8001 ch<br \/>\nhalle 622 z\u00fcrich therese giehse strasse 10 zurich 8050 ch<br \/>\nelias canetti strasse 2 8050 zurich switzerland<br \/>\nelias canetti strasse 2 8050 zurich zh switzerland<br \/>\nalfred escher strasse 50 ch 8002 zurich<br \/>\nelias canetti strasse 2 zurich<br \/>\ndora staudinger strasse z\u00fcrich<br \/>\ndrei k\u00f6nig strasse z\u00fcrich<br \/>\ndufaux strasse z\u00fcrich<br \/>\nz\u00fcrich strassennamen<br \/>\nz\u00fcrich strasse eingebrochen<br \/>\notto-jaag-strasse 8600 d\u00fcbendorf z\u00fcrich switzerland<br \/>\ndufaux strasse 1 z\u00fcrich 8152 switzerland<br \/>\ndufaux strasse 1 zurich<br \/>\nstrasse zurich<br \/>\nstadt z\u00fcrich strassenverzeichnis<br \/>\nz\u00fcrich dubsstrasse<br \/>\ndistanz z\u00fcrich strassburg<br \/>\neugen huber strasse z\u00fcrich<br \/>\nelse z\u00fcblin strasse z\u00fcrich<br \/>\nemil kl\u00f6ti strasse z\u00fcrich<br \/>\nenglisch viertel strasse z\u00fcrich<br \/>\nlinth escher strasse z\u00fcrich<br \/>\nalbert einstein strasse z\u00fcrich<br \/>\neugen huber strasse 19a 8048 zurich<br \/>\nalfred-escher strasse 45 z\u00fcrich<br \/>\naugust forel strasse z\u00fcrich<br \/>\nz\u00fcrich flughafen adresse strasse<br \/>\nfreie strasse z\u00fcrich<br \/>\nreinhold frei strasse z\u00fcrich<br \/>\nheinrich federer strasse z\u00fcrich<br \/>\nferdinand hodler strasse z\u00fcrich<br \/>\njonas furrer strasse z\u00fcrich<br \/>\njakob f\u00fcgli strasse z\u00fcrich<br \/>\nfifa strasse z\u00fcrich<br \/>\nfifa-strasse 20 8044 z\u00fcrich switzerland<br \/>\nfifa-strasse 20 8044 z\u00fcrich<br \/>\nfifa strasse 20 zurich<br \/>\nflughafen z\u00fcrich strasse gesperrt<br \/>\nflug z\u00fcrich strassburg<br \/>\ngeneral wille strasse z\u00fcrich<br \/>\ngeorg kempf strasse z\u00fcrich<br \/>\ngottfried keller strasse z\u00fcrich<br \/>\ngeneral guisan strasse z\u00fcrich<br \/>\nherman greulich strasse z\u00fcrich<br \/>\ngef\u00e4hrlichste strasse z\u00fcrich<br \/>\ntherese giehse strasse z\u00fcrich<br \/>\nkurt guggenheim strasse z\u00fcrich<br \/>\nhalle 622 (therese-giehse-strasse 10 8050 z\u00fcrich)<br \/>\ntherese-giehse-strasse 10 8050 z\u00fcrich<br \/>\ngeneral wille strasse 10 8002 zurich<br \/>\ntherese-giehse-strasse 10 8050 z\u00fcrich switzerland<br \/>\ntherese-giehse-strasse 10 8050 z\u00fcrich oerlikon<br \/>\nzurich versicherung hamburger stra\u00dfe<br \/>\nanna heer strasse z\u00fcrich<br \/>\nheinrich wolff strasse z\u00fcrich<br \/>\nhelen keller strasse z\u00fcrich<br \/>\nanton higi strasse z\u00fcrich<br \/>\nmax h\u00f6gger strasse z\u00fcrich<br \/>\nmax-h\u00f6gger-strasse 80 z\u00fcrich<br \/>\nmax h\u00f6gger strasse 81 z\u00fcrich<br \/>\neugen-huber-strasse 8048 z\u00fcrich switzerland<br \/>\nhitachi energy brown-boveri strasse 5 z\u00fcrich ch<br \/>\nz\u00fcrich strassenverzeichnis<br \/>\nstrasse in zurich<br \/>\nzurich strase<br \/>\njosef strasse z\u00fcrich<br \/>\nst jakobstrasse z\u00fcrich<br \/>\njames joyce strasse z\u00fcrich<br \/>\nz\u00fcrcherstrasse jona<br \/>\njuchstrasse z\u00fcrich<br \/>\njosef strasse zurich<br \/>\njosefstrasse z\u00fcrich<br \/>\nj+s z\u00fcrich<br \/>\nj+s amt z\u00fcrich<br \/>\njeans z\u00fcrich stadelhofen<br \/>\nbern z\u00fcrich strasse koppigen<br \/>\nkarl stauffer strasse z\u00fcrich<br \/>\nkarl schmid strasse z\u00fcrich<br \/>\nkonrad ilg strasse z\u00fcrich<br \/>\nz\u00fcrich karl schmid strasse 4<br \/>\nrondellstrasse kloten zurich switzerland 8302<br \/>\nregina-k\u00e4gi-strasse 11 \u2022 8050 z\u00fcrich<br \/>\nkarl-schmid-strasse 4 8006 z\u00fcrich<br \/>\ngottfried keller-strasse 5 z\u00fcrich<br \/>\nkanton z\u00fcrich strassen<br \/>\nkantonsstrasse stadt z\u00fcrich<br \/>\nkanton z\u00fcrich strassengesetz<br \/>\nzurich versicherung wiener stra\u00dfe linz<br \/>\nlange strasse z\u00fcrich<br \/>\nadolf l\u00fcchinger strasse z\u00fcrich<br \/>\nmeinrad lienert strasse z\u00fcrich<br \/>\nlouis braille strasse z\u00fcrich<br \/>\nz\u00fcrich strassenbeleuchtung<br \/>\nz\u00fcrichstrasse lengnau<br \/>\nlangstrasse z\u00fcrich<br \/>\nz\u00fcrichstrasse luzern<br \/>\nstrassenlage z\u00fcrich<br \/>\nstra\u00dfe z\u00fcrich<br \/>\nz\u00fcrichstrasse<br \/>\nmargrit rainer strasse z\u00fcrich<br \/>\nmichael maggi strasse z\u00fcrich<br \/>\nmeistbefahrene strasse z\u00fcrich<br \/>\nrobert maillart strasse z\u00fcrich<br \/>\nmaillart strasse z\u00fcrich<br \/>\nst. moritzstrasse z\u00fcrich<br \/>\nz\u00fcrich max h\u00f6gger strasse 80<br \/>\nmuseumstrasse z\u00fcrich<br \/>\nstrassenverkehrsamt z\u00fcrich kategorie m<br \/>\nz\u00fcrich strassenverkehrsabgaben<br \/>\nz\u00fcrich strassen<br \/>\nz\u00fcrich strassenbahn<br \/>\nz\u00fcrich strassensperrung<br \/>\nz\u00fcrich strassenmusik<br \/>\nz\u00fcrich stra\u00dfenbahn ticket<br \/>\nz\u00fcrich strassenbahn tagesticket<br \/>\nstrassen zurich<br \/>\nemil oprecht strasse z\u00fcrich<br \/>\nz\u00fcrichstrasse oftringen<br \/>\nz\u00fcrich strassenverkehrsamt \u00f6ffnungszeiten<br \/>\nz\u00fcrcherstrasse oberglatt<br \/>\nstrassenverzeichnis z\u00fcrich oerlikon<br \/>\nz\u00fcrich okenstrasse<br \/>\nstrassenverkehrsamt z\u00fcrich offenzeit<br \/>\noerlikon strassen<br \/>\n\u00f6 z\u00fcrich<br \/>\n\u00f6ffnungszeiten strassenverkehrsamt z\u00fcrich<br \/>\n\u00f6ffnungszeiten strassenverkehrsamt zh<br \/>\noeffnungszeiten strassenverkehrsamt z\u00fcrich<br \/>\npaul pfl\u00fcger strasse z\u00fcrich<br \/>\nwolfgang pauli strasse z\u00fcrich<br \/>\nparty strasse z\u00fcrich<br \/>\nst peterstrasse z\u00fcrich<br \/>\nbern z\u00fcrich strasse 31 postfach<br \/>\nz\u00fcrichstrasse post<br \/>\nquerstrasse z\u00fcrich<br \/>\nz\u00fcrich quellenstrasse<br \/>\nz\u00fcrich quaibr\u00fccke<br \/>\nq z\u00fcrich<br \/>\nquerstrasse 17 z\u00fcrich<br \/>\nquerstrasse 11 z\u00fcrich<br \/>\nrichard wagner strasse z\u00fcrich<br \/>\nricarda huch strasse z\u00fcrich<br \/>\nregenschirm strasse z\u00fcrich<br \/>\nrudolf h\u00e4gi strasse z\u00fcrich<br \/>\narthur rohn strasse z\u00fcrich<br \/>\nrad wm z\u00fcrich strasse<br \/>\nr13 z\u00fcrich<br \/>\nrastst\u00e4tte z\u00fcrich st.gallen<br \/>\nz\u00fcrcher strasse st. gallen<br \/>\nshopping strasse z\u00fcrich<br \/>\nsteilste strasse z\u00fcrich<br \/>\nsophie taeuber strasse z\u00fcrich<br \/>\nstrassburger strasse z\u00fcrich<br \/>\nz\u00fcrich sophie t\u00e4uber strasse 4<br \/>\nz\u00fcrich strassengesetz<br \/>\nteuerste strasse z\u00fcrich<br \/>\nz\u00fcrich strassenbau<br \/>\nzurich strassenverkehrsamt<br \/>\numzug z\u00fcrich strasse sperren<br \/>\nstrasse in z\u00fcrich<br \/>\nusz strasse<br \/>\nsalomon v\u00f6gelin strasse z\u00fcrich<br \/>\nz\u00fcrich strassenzustand<br \/>\nverkehr z\u00fcrich streetparade<br \/>\nverkehr z\u00fcrich stadt<br \/>\nverkehr z\u00fcrich st gallen<br \/>\nwm strasse z\u00fcrich<br \/>\nwright strasse z\u00fcrich<br \/>\nescher wyss strasse z\u00fcrich<br \/>\nwuhrstrasse z\u00fcrich<br \/>\nweststrasse 192 z\u00fcrich<br \/>\nweststrasse 70 z\u00fcrich<br \/>\nweststrasse z\u00fcrich<br \/>\nx-tra z\u00fcrich parkplatz<br \/>\nx-tra z\u00fcrich parken<br \/>\nx-tra z\u00fcrich parking<br \/>\nz\u00fcrich x-tra<br \/>\nx-tra z\u00fcrich fotos<br \/>\ny strasse z\u00fcrich<br \/>\ny z\u00fcrich<br \/>\nz\u00fcrcher expressstrassen-y<br \/>\nz\u00fcrcher ypsilon<br \/>\nernst z\u00f6beli strasse z\u00fcrich<br \/>\nzeller strasse z\u00fcrich<br \/>\nz\u00fcrcherstrasse z\u00fcrich<br \/>\nz z\u00fcrich<br \/>\n01 z\u00fcrich<br \/>\nzurich austrasse<br \/>\nz\u00fcrichstrasse 131<br \/>\nz\u00fcrichstrasse 130<br \/>\nzuricher strasse<br \/>\noskar bider strasse 1 z\u00fcrich<br \/>\ntechno strasse 1 z\u00fcrich<br \/>\nz\u00fcrichstrasse 14<br \/>\nz\u00fcrichstrasse 17<br \/>\nz\u00fcrichstrasse 19<br \/>\nz\u00fcrichstrasse 16<br \/>\nalfred escher strasse 17 ch 8002 zurich<br \/>\nanna heer strasse 2 z\u00fcrich<br \/>\nmax h\u00f6gger strasse 2 z\u00fcrich<br \/>\nelias canetti strasse 2 z\u00fcrich<br \/>\njakob f\u00fcgli strasse 2 z\u00fcrich<br \/>\ndora staudinger strasse 2 z\u00fcrich<br \/>\nruedi walter strasse 2 z\u00fcrich<br \/>\nz\u00fcrichstrasse 28<br \/>\nz\u00fcrichstrasse 24<br \/>\nz\u00fcrichstrasse 23<br \/>\nbern z\u00fcrich strasse 31<br \/>\neugen huber strasse 3 z\u00fcrich<br \/>\nbrown boveri strasse 3 z\u00fcrich<br \/>\nkarl stauffer strasse 3 z\u00fcrich<br \/>\ngaugerstrasse 3 z\u00fcrich<br \/>\nz\u00fcrichstrasse 33<br \/>\nz\u00fcrichstrasse 34<br \/>\nz\u00fcrichstrasse 38<br \/>\nz\u00fcrichstrasse 30<br \/>\n3 z\u00fcrich<br \/>\n3d strassenraum z\u00fcrich<br \/>\nbahnhofstrasse. 3 z\u00fcrich<br \/>\nzurcherstrasse 308<br \/>\nkarl schmid strasse 4 z\u00fcrich<br \/>\ncarl schr\u00f6ter strasse 4 z\u00fcrich<br \/>\nhans huber strasse 4 z\u00fcrich<br \/>\nernst z\u00f6beli strasse 4 z\u00fcrich<br \/>\nruedi walter strasse 4 z\u00fcrich<br \/>\neduard imhof strasse 4 z\u00fcrich<br \/>\nz\u00fcrichstrasse 46<br \/>\nz\u00fcrichstrasse 44<br \/>\nz\u00fcrichstrasse 42<br \/>\nalfred escher strasse 45 ch 8002 zurich<br \/>\nstrassenbahn 4 z\u00fcrich<br \/>\ngottfried keller strasse 5 z\u00fcrich<br \/>\nbrown boveri strasse 5 z\u00fcrich<br \/>\nmeinrad lienert strasse 5 z\u00fcrich<br \/>\nferdinand hodler strasse 5 z\u00fcrich<br \/>\nc\u00e4sar ritz strasse 5 z\u00fcrich<br \/>\nmargrit rainer strasse 5 z\u00fcrich<br \/>\nz\u00fcrichstrasse 53<br \/>\nz\u00fcrichstrasse 51<br \/>\nz\u00fcrichstrasse 50<br \/>\nz\u00fcrichstrasse 55<br \/>\nalfred escher strasse 50 z\u00fcrich<br \/>\nalfred-escher-strasse 50 ch 8002 z\u00fcrich switzerland<br \/>\nalfred escher strasse 50 8002 zurich switzerland<br \/>\nmax h\u00f6gger strasse 6 z\u00fcrich<br \/>\nrichard wagner strasse 6 z\u00fcrich<br \/>\neugen huber strasse 6 z\u00fcrich<br \/>\ntherese-giehse strasse 6 z\u00fcrich<br \/>\nheinrich wolff strasse 6 z\u00fcrich<br \/>\nz\u00fcrichstrasse 66<br \/>\nz\u00fcrichstrasse 63<br \/>\nz\u00fcrichstrasse 60<br \/>\nz\u00fcrichstrasse 69<br \/>\nz\u00fcrichstrasse 65<br \/>\npoststelle luzern 6 z\u00fcrichstrasse<br \/>\n6000 luzern 6 z\u00fcrichstrasse<br \/>\nz\u00fcrichstrasse 6 uster<br \/>\nz\u00fcrichstrasse 6 8610 uster<br \/>\nz\u00fcrichstrasse 6<br \/>\nz\u00fcrichstrasse 6 merenschwand<br \/>\ngottfried keller strasse 7 z\u00fcrich<br \/>\nelias canetti strasse 7 z\u00fcrich<br \/>\nemil oprecht strasse 7 z\u00fcrich switzerland<br \/>\naugust forel strasse 7 z\u00fcrich<br \/>\nheinrich wolff strasse 7 z\u00fcrich<br \/>\nz\u00fcrichstrasse 77c<br \/>\nz\u00fcrichstrasse 7<br \/>\nz\u00fcrichstrasse 7 luzern<br \/>\nz\u00fcrichstrasse 75 k\u00fcsnacht<br \/>\nz\u00fcrcherstrasse 77<br \/>\nzurich 7<br \/>\ns\u00fcdstrasse 7 z\u00fcrich<br \/>\nz\u00fcricher str. 7<br \/>\n7 zero z\u00fcrich<br \/>\ngeneral wille strasse 8 z\u00fcrich<br \/>\ncarl schr\u00f6ter strasse 8 z\u00fcrich<br \/>\nbrown boveri strasse 8 z\u00fcrich<br \/>\nkarl stauffer strasse 8 z\u00fcrich<br \/>\npaul clairmont strasse 8 z\u00fcrich<br \/>\nrichard wagner strasse 8 z\u00fcrich<br \/>\neduard imhof strasse 8 z\u00fcrich<br \/>\nz\u00fcrichstrasse 82<br \/>\nz\u00fcrichstrasse 81<br \/>\ngeorg kempf strasse 9 z\u00fcrich<br \/>\noskar bider strasse 9 z\u00fcrich<br \/>\nalfred escher strasse 9 z\u00fcrich<br \/>\nmeier bosshard strasse 9 z\u00fcrich<br \/>\nz\u00fcrichstrasse 98<br \/>\nz\u00fcrichstrasse 9<br \/>\nz\u00fcrcherstrasse 91<br \/>\nz\u00fcrich 9<br \/>\nstrassenbahn 9 z\u00fcrich<br \/>\n93 z\u00fcrich<\/p>\n<div class='smartthreema_box'><img src='https:\/\/www.kaufenmdm.ch\/wp-content\/plugins\/smart-threema\/images\/floating-button-threema-klein.png' class='smartthreema_img'><a href='https:\/\/three.ma\/JHXT6HHA' target='_blank' class='smartthreema_link'>Please Download Threema App<\/a><br><div class='smartthreema_minimsg'>to your Mobile Device and click again<\/div><\/div>","protected":false},"excerpt":{"rendered":"<p>zurich strasse strassenbahn z\u00fcrich strassen wm z\u00fcrich zurich olof palme strasse rondellstrasse kloten zurich switzerland 8058 zurich insurance alfred escher strasse zurich versicherung alfred-escher strasse elias-canetti-strasse 2 8050 z\u00fcrich alfred-escher strasse 66 8002 z\u00fcrich z\u00fcrich strasse eingest\u00fcrzt z\u00fcrich strasse gesperrt flughafen z\u00fcrich strasse judenviertel z\u00fcrich strasse gesperrt parken z\u00fcrich strasse zoo z\u00fcrich strasse energy z\u00fcrich [&hellip;]<\/p>\n","protected":false},"author":1,"featured_media":0,"parent":0,"menu_order":0,"comment_status":"closed","ping_status":"closed","template":"","meta":{"footnotes":""},"class_list":["post-21","page","type-page","status-publish","hentry"],"yoast_head":"<!-- This site is optimized with the Yoast SEO plugin v27.4 - https:\/\/yoast.com\/product\/yoast-seo-wordpress\/ -->\n<title>Metatags1 - Drugdealer Online in Switzerland - +34617763108 - whatsapp- panterarosa1772@gmail.com - Laussanne Zurich Lugano - Bitcoin Accepted! - Real Shop ! Deliverys from Luggano - Swiss Post - 100% Anonymous - Coca &amp; Weed &amp; MDMA &amp; Hashish - &ndash; Threema: CJBZ5SZX - Safe email: cmmtlc@protonmail.com<\/title>\n<meta name=\"robots\" content=\"index, follow, max-snippet:-1, max-image-preview:large, max-video-preview:-1\" \/>\n<link rel=\"canonical\" href=\"https:\/\/www.kaufenmdm.ch\/index.php\/metatags1\/\" \/>\n<meta property=\"og:locale\" content=\"en_US\" \/>\n<meta property=\"og:type\" content=\"article\" \/>\n<meta property=\"og:title\" content=\"Metatags1 - Drugdealer Online in Switzerland - +34617763108 - whatsapp- panterarosa1772@gmail.com - Laussanne Zurich Lugano - Bitcoin Accepted! - Real Shop ! Deliverys from Luggano - Swiss Post - 100% Anonymous - Coca &amp; Weed &amp; MDMA &amp; Hashish - &ndash; Threema: CJBZ5SZX - Safe email: cmmtlc@protonmail.com\" \/>\n<meta property=\"og:description\" content=\"zurich strasse strassenbahn z\u00fcrich strassen wm z\u00fcrich zurich olof palme strasse rondellstrasse kloten zurich switzerland 8058 zurich insurance alfred escher strasse zurich versicherung alfred-escher strasse elias-canetti-strasse 2 8050 z\u00fcrich alfred-escher strasse 66 8002 z\u00fcrich z\u00fcrich strasse eingest\u00fcrzt z\u00fcrich strasse gesperrt flughafen z\u00fcrich strasse judenviertel z\u00fcrich strasse gesperrt parken z\u00fcrich strasse zoo z\u00fcrich strasse energy z\u00fcrich [&hellip;]\" \/>\n<meta property=\"og:url\" content=\"https:\/\/www.kaufenmdm.ch\/index.php\/metatags1\/\" \/>\n<meta property=\"og:site_name\" content=\"Drugdealer Online in Switzerland - +34617763108 - whatsapp- panterarosa1772@gmail.com - Laussanne Zurich Lugano - Bitcoin Accepted! - Real Shop ! Deliverys from Luggano - Swiss Post - 100% Anonymous - Coca &amp; Weed &amp; MDMA &amp; Hashish - &ndash; Threema: CJBZ5SZX - Safe email: cmmtlc@protonmail.com\" \/>\n<meta name=\"twitter:card\" content=\"summary_large_image\" \/>\n<meta name=\"twitter:label1\" content=\"Est. reading time\" \/>\n\t<meta name=\"twitter:data1\" content=\"7 minutes\" \/>\n<script type=\"application\/ld+json\" class=\"yoast-schema-graph\">{\"@context\":\"https:\\\/\\\/schema.org\",\"@graph\":[{\"@type\":\"WebPage\",\"@id\":\"https:\\\/\\\/www.kaufenmdm.ch\\\/index.php\\\/metatags1\\\/\",\"url\":\"https:\\\/\\\/www.kaufenmdm.ch\\\/index.php\\\/metatags1\\\/\",\"name\":\"Metatags1 - Drugdealer Online in Switzerland - +34617763108 - whatsapp- panterarosa1772@gmail.com - Laussanne Zurich Lugano - Bitcoin Accepted! - Real Shop ! Deliverys from Luggano - Swiss Post - 100% Anonymous - Coca &amp; Weed &amp; MDMA &amp; Hashish - &ndash; Threema: CJBZ5SZX - Safe email: cmmtlc@protonmail.com\",\"isPartOf\":{\"@id\":\"https:\\\/\\\/www.kaufenmdm.ch\\\/#website\"},\"datePublished\":\"2025-02-14T19:46:38+00:00\",\"breadcrumb\":{\"@id\":\"https:\\\/\\\/www.kaufenmdm.ch\\\/index.php\\\/metatags1\\\/#breadcrumb\"},\"inLanguage\":\"en-US\",\"potentialAction\":[{\"@type\":\"ReadAction\",\"target\":[\"https:\\\/\\\/www.kaufenmdm.ch\\\/index.php\\\/metatags1\\\/\"]}]},{\"@type\":\"BreadcrumbList\",\"@id\":\"https:\\\/\\\/www.kaufenmdm.ch\\\/index.php\\\/metatags1\\\/#breadcrumb\",\"itemListElement\":[{\"@type\":\"ListItem\",\"position\":1,\"name\":\"Home\",\"item\":\"https:\\\/\\\/www.kaufenmdm.ch\\\/\"},{\"@type\":\"ListItem\",\"position\":2,\"name\":\"Metatags1\"}]},{\"@type\":\"WebSite\",\"@id\":\"https:\\\/\\\/www.kaufenmdm.ch\\\/#website\",\"url\":\"https:\\\/\\\/www.kaufenmdm.ch\\\/\",\"name\":\"Drugdealer Online in Switzerland Laussanne Zurich Lugano - Bitcoin Accepted! - Real Shop ! Deliverys from Luggano - Swiss Post - 100% Anonymous - Coca & Weed & MDMA & Hashish - +34631823674 \u2013 Threema: JHXT6HHA\",\"description\":\"Buy Coca, Hash, Weed, MDMA, Speed, to your home anywhere in Switzerland ! - 100% honest - Crypto Accepted, buy cocaine zurich, buy cocaine lugano, buy cocaine zug, buy cocaine St gallen, buy cocaine lugano, buy mdma swiss, swisscola, swiss cocaine, swiss weed, swiss mdma, switzerland mdma, swiss beste cocaine\",\"publisher\":{\"@id\":\"https:\\\/\\\/www.kaufenmdm.ch\\\/#organization\"},\"potentialAction\":[{\"@type\":\"SearchAction\",\"target\":{\"@type\":\"EntryPoint\",\"urlTemplate\":\"https:\\\/\\\/www.kaufenmdm.ch\\\/?s={search_term_string}\"},\"query-input\":{\"@type\":\"PropertyValueSpecification\",\"valueRequired\":true,\"valueName\":\"search_term_string\"}}],\"inLanguage\":\"en-US\"},{\"@type\":\"Organization\",\"@id\":\"https:\\\/\\\/www.kaufenmdm.ch\\\/#organization\",\"name\":\"Drugdealer Online in Switzerland Laussanne Zurich Lugano - Bitcoin Accepted! - Real Shop ! Deliverys from Luggano - Swiss Post - 100% Anonymous - Coca & Weed & MDMA & Hashish - +34631823674 \u2013 Threema: JHXT6HHA\",\"url\":\"https:\\\/\\\/www.kaufenmdm.ch\\\/\",\"logo\":{\"@type\":\"ImageObject\",\"inLanguage\":\"en-US\",\"@id\":\"https:\\\/\\\/www.kaufenmdm.ch\\\/#\\\/schema\\\/logo\\\/image\\\/\",\"url\":\"https:\\\/\\\/www.kaufenmdm.ch\\\/wp-content\\\/uploads\\\/2025\\\/02\\\/cropped-ch1.jpg\",\"contentUrl\":\"https:\\\/\\\/www.kaufenmdm.ch\\\/wp-content\\\/uploads\\\/2025\\\/02\\\/cropped-ch1.jpg\",\"width\":512,\"height\":512,\"caption\":\"Drugdealer Online in Switzerland Laussanne Zurich Lugano - Bitcoin Accepted! - Real Shop ! Deliverys from Luggano - Swiss Post - 100% Anonymous - Coca & Weed & MDMA & Hashish - +34631823674 \u2013 Threema: JHXT6HHA\"},\"image\":{\"@id\":\"https:\\\/\\\/www.kaufenmdm.ch\\\/#\\\/schema\\\/logo\\\/image\\\/\"}}]}<\/script>\n<!-- \/ Yoast SEO plugin. -->","yoast_head_json":{"title":"Metatags1 - Drugdealer Online in Switzerland - +34617763108 - whatsapp- panterarosa1772@gmail.com - Laussanne Zurich Lugano - Bitcoin Accepted! - Real Shop ! Deliverys from Luggano - Swiss Post - 100% Anonymous - Coca &amp; Weed &amp; MDMA &amp; Hashish - &ndash; Threema: CJBZ5SZX - Safe email: cmmtlc@protonmail.com","robots":{"index":"index","follow":"follow","max-snippet":"max-snippet:-1","max-image-preview":"max-image-preview:large","max-video-preview":"max-video-preview:-1"},"canonical":"https:\/\/www.kaufenmdm.ch\/index.php\/metatags1\/","og_locale":"en_US","og_type":"article","og_title":"Metatags1 - Drugdealer Online in Switzerland - +34617763108 - whatsapp- panterarosa1772@gmail.com - Laussanne Zurich Lugano - Bitcoin Accepted! - Real Shop ! Deliverys from Luggano - Swiss Post - 100% Anonymous - Coca &amp; Weed &amp; MDMA &amp; Hashish - &ndash; Threema: CJBZ5SZX - Safe email: cmmtlc@protonmail.com","og_description":"zurich strasse strassenbahn z\u00fcrich strassen wm z\u00fcrich zurich olof palme strasse rondellstrasse kloten zurich switzerland 8058 zurich insurance alfred escher strasse zurich versicherung alfred-escher strasse elias-canetti-strasse 2 8050 z\u00fcrich alfred-escher strasse 66 8002 z\u00fcrich z\u00fcrich strasse eingest\u00fcrzt z\u00fcrich strasse gesperrt flughafen z\u00fcrich strasse judenviertel z\u00fcrich strasse gesperrt parken z\u00fcrich strasse zoo z\u00fcrich strasse energy z\u00fcrich [&hellip;]","og_url":"https:\/\/www.kaufenmdm.ch\/index.php\/metatags1\/","og_site_name":"Drugdealer Online in Switzerland - +34617763108 - whatsapp- panterarosa1772@gmail.com - Laussanne Zurich Lugano - Bitcoin Accepted! - Real Shop ! Deliverys from Luggano - Swiss Post - 100% Anonymous - Coca &amp; Weed &amp; MDMA &amp; Hashish - &ndash; Threema: CJBZ5SZX - Safe email: cmmtlc@protonmail.com","twitter_card":"summary_large_image","twitter_misc":{"Est. reading time":"7 minutes"},"schema":{"@context":"https:\/\/schema.org","@graph":[{"@type":"WebPage","@id":"https:\/\/www.kaufenmdm.ch\/index.php\/metatags1\/","url":"https:\/\/www.kaufenmdm.ch\/index.php\/metatags1\/","name":"Metatags1 - Drugdealer Online in Switzerland - +34617763108 - whatsapp- panterarosa1772@gmail.com - Laussanne Zurich Lugano - Bitcoin Accepted! - Real Shop ! Deliverys from Luggano - Swiss Post - 100% Anonymous - Coca &amp; Weed &amp; MDMA &amp; Hashish - &ndash; Threema: CJBZ5SZX - Safe email: cmmtlc@protonmail.com","isPartOf":{"@id":"https:\/\/www.kaufenmdm.ch\/#website"},"datePublished":"2025-02-14T19:46:38+00:00","breadcrumb":{"@id":"https:\/\/www.kaufenmdm.ch\/index.php\/metatags1\/#breadcrumb"},"inLanguage":"en-US","potentialAction":[{"@type":"ReadAction","target":["https:\/\/www.kaufenmdm.ch\/index.php\/metatags1\/"]}]},{"@type":"BreadcrumbList","@id":"https:\/\/www.kaufenmdm.ch\/index.php\/metatags1\/#breadcrumb","itemListElement":[{"@type":"ListItem","position":1,"name":"Home","item":"https:\/\/www.kaufenmdm.ch\/"},{"@type":"ListItem","position":2,"name":"Metatags1"}]},{"@type":"WebSite","@id":"https:\/\/www.kaufenmdm.ch\/#website","url":"https:\/\/www.kaufenmdm.ch\/","name":"Drugdealer Online in Switzerland Laussanne Zurich Lugano - Bitcoin Accepted! - Real Shop ! Deliverys from Luggano - Swiss Post - 100% Anonymous - Coca & Weed & MDMA & Hashish - +34631823674 \u2013 Threema: JHXT6HHA","description":"Buy Coca, Hash, Weed, MDMA, Speed, to your home anywhere in Switzerland ! - 100% honest - Crypto Accepted, buy cocaine zurich, buy cocaine lugano, buy cocaine zug, buy cocaine St gallen, buy cocaine lugano, buy mdma swiss, swisscola, swiss cocaine, swiss weed, swiss mdma, switzerland mdma, swiss beste cocaine","publisher":{"@id":"https:\/\/www.kaufenmdm.ch\/#organization"},"potentialAction":[{"@type":"SearchAction","target":{"@type":"EntryPoint","urlTemplate":"https:\/\/www.kaufenmdm.ch\/?s={search_term_string}"},"query-input":{"@type":"PropertyValueSpecification","valueRequired":true,"valueName":"search_term_string"}}],"inLanguage":"en-US"},{"@type":"Organization","@id":"https:\/\/www.kaufenmdm.ch\/#organization","name":"Drugdealer Online in Switzerland Laussanne Zurich Lugano - Bitcoin Accepted! - Real Shop ! Deliverys from Luggano - Swiss Post - 100% Anonymous - Coca & Weed & MDMA & Hashish - +34631823674 \u2013 Threema: JHXT6HHA","url":"https:\/\/www.kaufenmdm.ch\/","logo":{"@type":"ImageObject","inLanguage":"en-US","@id":"https:\/\/www.kaufenmdm.ch\/#\/schema\/logo\/image\/","url":"https:\/\/www.kaufenmdm.ch\/wp-content\/uploads\/2025\/02\/cropped-ch1.jpg","contentUrl":"https:\/\/www.kaufenmdm.ch\/wp-content\/uploads\/2025\/02\/cropped-ch1.jpg","width":512,"height":512,"caption":"Drugdealer Online in Switzerland Laussanne Zurich Lugano - Bitcoin Accepted! - Real Shop ! Deliverys from Luggano - Swiss Post - 100% Anonymous - Coca & Weed & MDMA & Hashish - +34631823674 \u2013 Threema: JHXT6HHA"},"image":{"@id":"https:\/\/www.kaufenmdm.ch\/#\/schema\/logo\/image\/"}}]}},"_links":{"self":[{"href":"https:\/\/www.kaufenmdm.ch\/index.php\/wp-json\/wp\/v2\/pages\/21","targetHints":{"allow":["GET"]}}],"collection":[{"href":"https:\/\/www.kaufenmdm.ch\/index.php\/wp-json\/wp\/v2\/pages"}],"about":[{"href":"https:\/\/www.kaufenmdm.ch\/index.php\/wp-json\/wp\/v2\/types\/page"}],"author":[{"embeddable":true,"href":"https:\/\/www.kaufenmdm.ch\/index.php\/wp-json\/wp\/v2\/users\/1"}],"replies":[{"embeddable":true,"href":"https:\/\/www.kaufenmdm.ch\/index.php\/wp-json\/wp\/v2\/comments?post=21"}],"version-history":[{"count":0,"href":"https:\/\/www.kaufenmdm.ch\/index.php\/wp-json\/wp\/v2\/pages\/21\/revisions"}],"wp:attachment":[{"href":"https:\/\/www.kaufenmdm.ch\/index.php\/wp-json\/wp\/v2\/media?parent=21"}],"curies":[{"name":"wp","href":"https:\/\/api.w.org\/{rel}","templated":true}]}}